{"id":5729,"date":"2020-01-31T11:05:54","date_gmt":"2020-01-31T11:05:54","guid":{"rendered":"https:\/\/casa3d.aemotion6.com\/?page_id=5729"},"modified":"2024-06-10T06:34:04","modified_gmt":"2024-06-10T06:34:04","slug":"main-home","status":"publish","type":"page","link":"https:\/\/casa3d.eu\/es","title":{"rendered":"Casa 3D"},"content":{"rendered":"<div class=\"wpb-content-wrapper\"><p>[vc_row][vc_column]\n\t\t\t\t<p class=\"rs-p-wp-fix\"><\/p>\n\t\t\t\t<sr7-module data-alias=\"homepage-casa-3d-1\" data-id=\"5\" id=\"SR7_5_1\" class=\"rs-ov-hidden\" data-version=\"6.7.51\">\n\t\t\t\t\t<sr7-adjuster><\/sr7-adjuster>\n\t\t\t\t\t<sr7-content>\n\t\t\t\t\t\t<sr7-slide id=\"SR7_5_1-9\" data-key=\"9\">\n\t\t\t\t\t\t<\/sr7-slide>\n\t\t\t\t\t\t<sr7-slide id=\"SR7_5_1-22\" data-key=\"22\">\n\t\t\t\t\t\t<\/sr7-slide>\n\t\t\t\t\t\t<sr7-slide id=\"SR7_5_1-23\" data-key=\"23\">\n\t\t\t\t\t\t<\/sr7-slide>\n\t\t\t\t\t\t<sr7-slide id=\"SR7_5_1-8\" data-key=\"8\">\n\t\t\t\t\t\t<\/sr7-slide>\n\t\t\t\t\t\t<sr7-slide id=\"SR7_5_1-7\" data-key=\"7\">\n\t\t\t\t\t\t<\/sr7-slide>\n\t\t\t\t\t\t<sr7-slide id=\"SR7_5_1-41\" data-key=\"41\">\n\t\t\t\t\t\t\t<sr7-txt id=\"SR7_5_1-41-11\" class=\"sr7-layer\">Visualizaciones en 3D<\/sr7-txt>\n\t\t\t\t\t\t\t<sr7-txt id=\"SR7_5_1-41-12\" class=\"sr7-layer\">Impresiones art\u00edsticas fotorrealistas en 3D. De interiores, arquitectura y productos.<\/sr7-txt>\n\t\t\t\t\t\t\t<sr7-txt id=\"SR7_5_1-41-13\" class=\"sr7-layer\">Visualizaciones en 3D<\/sr7-txt>\n\t\t\t\t\t\t\t<sr7-txt id=\"SR7_5_1-41-14\" class=\"sr7-layer\">Impresiones art\u00edsticas fotorrealistas en 3D. De interiores, arquitectura y productos.<\/sr7-txt>\n\t\t\t\t\t\t\t<sr7-txt id=\"SR7_5_1-41-18\" class=\"sr7-layer\">Visualizaciones en 3D<\/sr7-txt>\n\t\t\t\t\t\t\t<sr7-txt id=\"SR7_5_1-41-21\" class=\"sr7-layer\">Impresiones art\u00edsticas fotorrealistas en 3D. De interiores, arquitectura y productos.<\/sr7-txt>\n\t\t\t\t\t\t<\/sr7-slide>\n\t\t\t\t\t<\/sr7-content>\n\t\t\t\t\t<image_lists style=\"display:none\">\n\t\t\t\t\t\t<img data-src=\"\/\/casa3d.eu\/wp-content\/uploads\/2022\/10\/LS_Cam_buiten_front_649_0000_Ultra_1.jpg\" data-libid=\"6543\" data-lib=\"medialibrary\" title=\"LS_Cam_buiten_front_649_0000_Ultra_1\" width=\"0\" height=\"0\" data-dbsrc=\"Ly9jYXNhM2QuZXUvd3AtY29udGVudC91cGxvYWRzLzIwMjIvMTAvTFNfQ2FtX2J1aXRlbl9mcm9udF82NDlfMDAwMF9VbHRyYV8xLmpwZw==\"\/>\n\t\t\t\t\t\t<img data-src=\"\/\/casa3d.eu\/wp-content\/uploads\/2022\/10\/LS_Cam_keuken_theepot_355_0000_Ultra_1.jpg\" data-libid=\"6588\" data-lib=\"medialibrary\" title=\"LS_Cam_keuken_theepot_355_0000_Ultra_1\" width=\"0\" height=\"0\" data-dbsrc=\"Ly9jYXNhM2QuZXUvd3AtY29udGVudC91cGxvYWRzLzIwMjIvMTAvTFNfQ2FtX2tldWtlbl90aGVlcG90XzM1NV8wMDAwX1VsdHJhXzEuanBn\"\/>\n\t\t\t\t\t\t<img data-src=\"\/\/casa3d.eu\/wp-content\/uploads\/2022\/10\/LS_Cam_Distant_112_0000_Ultra_1.jpg\" data-libid=\"6576\" data-lib=\"medialibrary\" title=\"LS_Cam_Distant_112_0000_Ultra_1\" width=\"0\" height=\"0\" data-dbsrc=\"Ly9jYXNhM2QuZXUvd3AtY29udGVudC91cGxvYWRzLzIwMjIvMTAvTFNfQ2FtX0Rpc3RhbnRfMTEyXzAwMDBfVWx0cmFfMS5qcGc=\"\/>\n\t\t\t\t\t\t<img data-src=\"\/\/casa3d.eu\/wp-content\/uploads\/2022\/10\/LS_Cam_dining_to_outside_672_0000_Ultra_1.jpg\" data-libid=\"6573\" data-lib=\"medialibrary\" title=\"LS_Cam_dining_to_outside_672_0000_Ultra_1\" width=\"0\" height=\"0\" data-dbsrc=\"Ly9jYXNhM2QuZXUvd3AtY29udGVudC91cGxvYWRzLzIwMjIvMTAvTFNfQ2FtX2RpbmluZ190b19vdXRzaWRlXzY3Ml8wMDAwX1VsdHJhXzEuanBn\"\/>\n\t\t\t\t\t\t<img data-src=\"\/\/casa3d.eu\/wp-content\/uploads\/2022\/10\/LS_Cam_hoek_woonkamer_407_0000_Ultra_1.jpg\" data-libid=\"6582\" data-lib=\"medialibrary\" title=\"LS_Cam_hoek_woonkamer_407_0000_Ultra_1\" width=\"0\" height=\"0\" data-dbsrc=\"Ly9jYXNhM2QuZXUvd3AtY29udGVudC91cGxvYWRzLzIwMjIvMTAvTFNfQ2FtX2hvZWtfd29vbmthbWVyXzQwN18wMDAwX1VsdHJhXzEuanBn\"\/>\n\t\t\t\t\t<\/image_lists>\n\t\t\t\t<\/sr7-module>\n\t\t\t\t<script>\n\t\t\t\t\twindow.SR7 ??={};SR7.PMH ??={}; SR7.PMH[\"SR7_5_1\"] = {cn:100,state:false,fn: function() { if (window._tpt!==undefined && window._tpt.prepareModuleHeight !== undefined) {  _tpt.prepareModuleHeight({id:\"SR7_5_1\",el:[900,900,768,960,570],type:'standard',shdw:'0',gh:[900,900,768,960,570],gw:[1240,1240,1024,778,480],vpt:['-200px&#039;,&#039;-200px&#039;,&#039;-200px&#039;,&#039;-200px&#039;,&#039;-200px'],size:{fullWidth:true, fullHeight:false},mh:'0',onh:0,onw:0,bg:{color:'{\"orig\":\"transparent\",\"type\":\"solid\",\"string\":\"transparent\"}'},plType:'7',plColor:'#FFFFFF'});   SR7.PMH[\"SR7_5_1\"].state=true;} else if(SR7.PMH[\"SR7_5_1\"].cn-->0)\tsetTimeout( SR7.PMH[\"SR7_5_1\"].fn,19);}};SR7.PMH[\"SR7_5_1\" ].fn();\n\t\t\t\t<\/script>\n[\/vc_column][\/vc_row][vc_row row_content_width=\u00bbgrid\u00bb css=\u00bb.vc_custom_1578582984998{padding-top: 20px !important;}\u00bb][vc_column css=\u00bb.vc_custom_1578472834238{padding-top: 10px !important;padding-bottom: 30px !important;}\u00bb][vc_column_text]<\/p>\n<h2 style=\"text-align: center;\">Impresiones art\u00edsticas en 3D para profesionales<\/h2>\n<p>[\/vc_column_text][\/vc_column][\/vc_row][vc_row row_content_width=\u00bbgrid\u00bb][vc_column width=\u00bb1\/3&#8243; css=\u00bb.vc_custom_1578482495314{padding-bottom: 30px !important;}\u00bb][vc_single_image image=\u00bb6141&#8243; img_size=\u00bbfull\u00bb][vc_column_text]<\/p>\n<h3 style=\"text-align: center;\">Arquitectura en 3D<\/h3>\n<p>[\/vc_column_text][vc_column_text]Casa 3D crea presentaciones fotorrealistas y detalladas en 3D de viviendas, oficinas y otros edificios. Para arquitectos y desarrolladores de proyectos.[\/vc_column_text][\/vc_column][vc_column width=\u00bb1\/3&#8243; css=\u00bb.vc_custom_1578482505884{padding-bottom: 30px !important;}\u00bb][vc_single_image image=\u00bb6125&#8243; img_size=\u00bbfull\u00bb alignment=\u00bbcenter\u00bb][vc_column_text]<\/p>\n<h3 style=\"text-align: center;\">Interiores en 3D<\/h3>\n<p>[\/vc_column_text][vc_column_text]Casa 3D crea vivencias a trav\u00e9s de presentaciones fotorrealistas detalladas de interiores en 3D. Por encargo de estilistas, arquitectos, desarrolladores de proyectos y fabricantes.[\/vc_column_text][\/vc_column][vc_column width=\u00bb1\/3&#8243; css=\u00bb.vc_custom_1578482514648{padding-bottom: 30px !important;}\u00bb][vc_single_image image=\u00bb5993&#8243; img_size=\u00bbfull\u00bb][vc_column_text]<\/p>\n<h3 style=\"text-align: center;\">Productos en 3D<\/h3>\n<p>[\/vc_column_text][vc_column_text]Casa 3D genera im\u00e1genes fotorrealistas en 3D de muy diversos productos para sus fabricantes. Desde casas completas hasta mobiliario y art\u00edculos de consumo.[\/vc_column_text][\/vc_column][\/vc_row][vc_row row_content_width=\u00bbgrid\u00bb][vc_column][vc_video link=\u00bbhttps:\/\/vimeo.com\/761068525&#8243;][\/vc_column][\/vc_row][vc_row row_content_width=\u00bbgrid\u00bb css=\u00bb.vc_custom_1578479072987{padding-top: 30px !important;padding-bottom: 30px !important;}\u00bb simple_background_color=\u00bb#d6d2c7&#8243;][vc_column width=\u00bb1\/4&#8243;][vc_single_image image=\u00bb5468&#8243; img_size=\u00bbfull\u00bb][\/vc_column][vc_column width=\u00bb3\/4&#8243;][vc_column_text]<\/p>\n<h2>PARA ESTILISTAS Y ARQUITECTOS DE INTERIORES<\/h2>\n<p>Casa 3D trabaja para estilistas y arquitectos de interiores, entre otros. Impulsamos los proyectos en colaboraci\u00f3n: Casa 3D plasma las ideas e inspiraciones del estilista o arquitecto en una primera imagen en 3D; una vez aprobado el dise\u00f1o, comienza el trayecto de culminar la escena: se optimiza la iluminaci\u00f3n y se trabajan hasta los menores detalles; el \u00faltimo paso de una presentaci\u00f3n en 3D es el procesamiento final en Photoshop.[\/vc_column_text][\/vc_column][\/vc_row][vc_row row_content_width=\u00bbgrid\u00bb css=\u00bb.vc_custom_1579620465520{padding-top: 30px !important;padding-bottom: 30px !important;}\u00bb simple_background_color=\u00bb#afada3&#8243; el_class=\u00bbreverse_mobile\u00bb][vc_column width=\u00bb3\/4&#8243; css=\u00bb.vc_custom_1578558434201{padding-bottom: 20px !important;}\u00bb][vc_column_text]<\/p>\n<h2>PARA ARQUITECTOS Y DESARROLLADORES DE PROYECTOS<\/h2>\n<p>Casa 3D trabaja, entre otros, para arquitectos y desarrolladores de proyectos que emplean visualizaciones en 3D para trasladar sus ideas a los clientes y compradores potenciales. Las fotograf\u00edas tienen mucho m\u00e1s poder de convicci\u00f3n que un dibujo t\u00e9cnico en 2D, y proporcionan una experiencia directa. Casa 3D colabora estrechamente con el arquitecto o desarrollador de proyectos para producir una presentaci\u00f3n lo m\u00e1s fiel posible al concepto del dise\u00f1ador.[\/vc_column_text][\/vc_column][vc_column width=\u00bb1\/4&#8243;][vc_single_image image=\u00bb6998&#8243; img_size=\u00bbfull\u00bb][\/vc_column][\/vc_row][vc_row row_content_width=\u00bbgrid\u00bb css=\u00bb.vc_custom_1527672839797{padding-right: 5% !important;padding-left: 5% !important;}\u00bb][vc_column offset=\u00bbvc_col-lg-offset-2 vc_col-lg-8&#8243; css=\u00bb.vc_custom_1578558652507{padding-top: 30px !important;padding-bottom: 30px !important;}\u00bb][vc_column_text]<\/p>\n<blockquote>\n<h3 style=\"text-align: center;\">\u00bfQu\u00e9 tiene Casa 3D? Extensos conocimientos, correcci\u00f3n, gran empat\u00eda, pensamiento colaborativo, exactitud, perfeccionismo, profesionalidad&#8230; \u00a1y mucho m\u00e1s!<\/h3>\n<p style=\"text-align: center;\">Gerry Ansems &#8211; Gewoon Bijzonder<\/p>\n<\/blockquote>\n<p>[\/vc_column_text][\/vc_column][\/vc_row][vc_row row_content_width=\u00bbgrid\u00bb parallax_background_image=\u00bb4086&#8243; simple_background_color=\u00bb#d6d2c7&#8243; css=\u00bb.vc_custom_1578594615003{padding-top: 30px !important;padding-bottom: 30px !important;}\u00bb][vc_column width=\u00bb5\/12&#8243;][vc_column_text]<\/p>\n<h2>\u00bfM\u00c1S INFORMACI\u00d3N?<\/h2>\n<p>Rellena el formulario de contacto o ll\u00e1manos directamente:<\/p>\n<h3><a href=\"tel:+31655171640\">+31 06 55171640<\/a><\/h3>\n<h3><a href=\"tel:+34688797812\">+34 688 797 812<\/a><\/h3>\n<p>[\/vc_column_text][vc_row_inner][vc_column_inner][\/vc_column_inner][\/vc_row_inner][\/vc_column][vc_column width=\u00bb7\/12&#8243;]<noscript class=\"ninja-forms-noscript-message\">\n\tAviso: Se requiere JavaScript para este contenido.<\/noscript>\nEste formulario se encuentra actualmente en mantenimiento. Por favor, int\u00e9ntalo de nuevo m\u00e1s tarde.[\/vc_column][\/vc_row]<\/p>\n<\/div>","protected":false},"excerpt":{"rendered":"<p>[vc_row][vc_column][\/vc_column][\/vc_row][vc_row row_content_width=\u00bbgrid\u00bb css=\u00bb.vc_custom_1578582984998{padding-top: 20px !important;}\u00bb][vc_column css=\u00bb.vc_custom_1578472834238{padding-top: 10px !important;padding-bottom: 30px !important;}\u00bb][vc_column_text] Impresiones art\u00edsticas en 3D para profesionales [\/vc_column_text][\/vc_column][\/vc_row][vc_row row_content_width=\u00bbgrid\u00bb][vc_column width=\u00bb1\/3&#8243; css=\u00bb.vc_custom_1578482495314{padding-bottom: 30px !important;}\u00bb][vc_single_image image=\u00bb6141&#8243; img_size=\u00bbfull\u00bb][vc_column_text] Arquitectura en 3D [\/vc_column_text][vc_column_text]Casa 3D crea presentaciones fotorrealistas y detalladas en 3D de viviendas, oficinas y [&hellip;]<\/p>\n","protected":false},"author":1,"featured_media":0,"parent":0,"menu_order":0,"comment_status":"closed","ping_status":"closed","template":"full-width.php","meta":{"_monsterinsights_skip_tracking":false,"_monsterinsights_sitenote_active":false,"_monsterinsights_sitenote_note":"","_monsterinsights_sitenote_category":0,"footnotes":""},"class_list":["post-5729","page","type-page","status-publish","hentry"],"_links":{"self":[{"href":"https:\/\/casa3d.eu\/es\/wp-json\/wp\/v2\/pages\/5729","targetHints":{"allow":["GET"]}}],"collection":[{"href":"https:\/\/casa3d.eu\/es\/wp-json\/wp\/v2\/pages"}],"about":[{"href":"https:\/\/casa3d.eu\/es\/wp-json\/wp\/v2\/types\/page"}],"author":[{"embeddable":true,"href":"https:\/\/casa3d.eu\/es\/wp-json\/wp\/v2\/users\/1"}],"replies":[{"embeddable":true,"href":"https:\/\/casa3d.eu\/es\/wp-json\/wp\/v2\/comments?post=5729"}],"version-history":[{"count":29,"href":"https:\/\/casa3d.eu\/es\/wp-json\/wp\/v2\/pages\/5729\/revisions"}],"predecessor-version":[{"id":7082,"href":"https:\/\/casa3d.eu\/es\/wp-json\/wp\/v2\/pages\/5729\/revisions\/7082"}],"wp:attachment":[{"href":"https:\/\/casa3d.eu\/es\/wp-json\/wp\/v2\/media?parent=5729"}],"curies":[{"name":"wp","href":"https:\/\/api.w.org\/{rel}","templated":true}]}}