{"id":5904,"date":"2020-02-14T14:39:05","date_gmt":"2020-02-14T14:39:05","guid":{"rendered":"https:\/\/casa3d.eu\/?page_id=5904"},"modified":"2021-04-28T13:04:59","modified_gmt":"2021-04-28T13:04:59","slug":"lo-que-hacemos","status":"publish","type":"page","link":"https:\/\/casa3d.eu\/es\/lo-que-hacemos","title":{"rendered":"Lo que hacemos"},"content":{"rendered":"<div class=\"wpb-content-wrapper\"><p>[vc_row content_placement=\u00bbtop\u00bb css=\u00bb.vc_custom_1578596441605{margin-top: -50px !important;}\u00bb][vc_column]\n\t\t\t\t<p class=\"rs-p-wp-fix\"><\/p>\n\t\t\t\t<sr7-module data-alias=\"wat-we-doen-pagina-11\" data-id=\"6\" id=\"SR7_6_1\" class=\"rs-ov-hidden\" data-version=\"6.7.51\">\n\t\t\t\t\t<sr7-adjuster><\/sr7-adjuster>\n\t\t\t\t\t<sr7-content>\n\t\t\t\t\t\t<sr7-slide id=\"SR7_6_1-10\" data-key=\"10\">\n\t\t\t\t\t\t\t<sr7-txt id=\"SR7_6_1-10-3\" class=\"sr7-layer\">Impresiones art\u00edsticas en 3D<\/sr7-txt>\n\t\t\t\t\t\t\t<sr7-txt id=\"SR7_6_1-10-4\" class=\"sr7-layer\">Presentaciones fotorrealistas de interiores, arquitectura y productos.<\/sr7-txt>\n\t\t\t\t\t\t\t<sr7-txt id=\"SR7_6_1-10-6\" class=\"sr7-layer\">Impresiones art\u00edsticas en 3D<\/sr7-txt>\n\t\t\t\t\t\t\t<sr7-txt id=\"SR7_6_1-10-7\" class=\"sr7-layer\">Presentaciones fotorrealistas de interiores, arquitectura y productos<\/sr7-txt>\n\t\t\t\t\t\t\t<sr7-txt id=\"SR7_6_1-10-8\" class=\"sr7-layer\">Impresiones art\u00edsticas en 3D<\/sr7-txt>\n\t\t\t\t\t\t\t<sr7-txt id=\"SR7_6_1-10-10\" class=\"sr7-layer\">Presentaciones fotorrealistas de interiores, arquitectura y productos<\/sr7-txt>\n\t\t\t\t\t\t<\/sr7-slide>\n\t\t\t\t\t\t<sr7-slide id=\"SR7_6_1-42\" data-key=\"42\">\n\t\t\t\t\t\t<\/sr7-slide>\n\t\t\t\t\t<\/sr7-content>\n\t\t\t\t\t<image_lists style=\"display:none\">\n\t\t\t\t\t\t<img data-src=\"\/\/casa3d.eu\/wp-content\/uploads\/2022\/10\/LS_Cam_pool_flyover_361_0000_Ultra_1.jpg\" data-libid=\"6605\" data-lib=\"medialibrary\" title=\"LS_Cam_pool_flyover_361_0000_Ultra_1\" width=\"0\" height=\"0\" data-dbsrc=\"Ly9jYXNhM2QuZXUvd3AtY29udGVudC91cGxvYWRzLzIwMjIvMTAvTFNfQ2FtX3Bvb2xfZmx5b3Zlcl8zNjFfMDAwMF9VbHRyYV8xLmpwZw==\"\/>\n\t\t\t\t\t<\/image_lists>\n\t\t\t\t<\/sr7-module>\n\t\t\t\t<script>\n\t\t\t\t\twindow.SR7 ??={};SR7.PMH ??={}; SR7.PMH[\"SR7_6_1\"] = {cn:100,state:false,fn: function() { if (window._tpt!==undefined && window._tpt.prepareModuleHeight !== undefined) {  _tpt.prepareModuleHeight({id:\"SR7_6_1\",el:[800,800,800,960,560],type:'standard',shdw:'0',gh:[800,800,800,960,560],gw:[1240,1240,1240,778,480],vpt:['-200px&#039;,&#039;-200px&#039;,&#039;-200px&#039;,&#039;-200px&#039;,&#039;-200px'],size:{fullWidth:true, fullHeight:false},mh:'0',onh:0,onw:0,bg:{color:'{\"orig\":\"transparent\",\"type\":\"solid\",\"string\":\"transparent\"}'},plType:'0',plColor:'#FFFFFF'});   SR7.PMH[\"SR7_6_1\"].state=true;} else if(SR7.PMH[\"SR7_6_1\"].cn-->0)\tsetTimeout( SR7.PMH[\"SR7_6_1\"].fn,19);}};SR7.PMH[\"SR7_6_1\" ].fn();\n\t\t\t\t<\/script>\n[\/vc_column][\/vc_row][vc_row row_content_width=\u00bbgrid\u00bb css=\u00bb.vc_custom_1578596134690{padding-top: 50px !important;padding-bottom: 50px !important;}\u00bb][vc_column width=\u00bb5\/12&#8243;][vc_single_image image=\u00bb5607&#8243; img_size=\u00bbfull\u00bb][\/vc_column][vc_column width=\u00bb7\/12&#8243;][vc_column_text]<\/p>\n<h2>ESTILISMO DE INTERIORES<\/h2>\n<p>Una presentaci\u00f3n en 3D facilita mucho la tarea de convencer al cliente, ya que es el medio ideal para mostrar un estilismo de interior impecable. El cliente percibe al instante el efecto de los muebles, colores y materiales en un espacio o una casa. Casa 3D es el socio perfecto para estilistas y arquitectos de interiores; tambi\u00e9n los desarrolladores de proyectos pueden sacar provecho de la ilustraci\u00f3n en 3D, por ejemplo para mostrar un proyecto de nueva construcci\u00f3n con el mayor realismo posible a los potenciales compradores.[\/vc_column_text][\/vc_column][\/vc_row][vc_row row_content_width=\u00bbgrid\u00bb css=\u00bb.vc_custom_1578595112098{padding-bottom: 50px !important;}\u00bb][vc_column width=\u00bb7\/12&#8243;][vc_column_text]<\/p>\n<h2>ARQUITECTURA<\/h2>\n<p>Las impresiones art\u00edsticas en 3D son un recurso que emplean los arquitectos y desarrolladores de proyectos para presentar sus ideas con el mayor realismo posible. A partir de sus dibujos o bocetos, Casa 3D crea una escena en 3D que, una vez aprobada su distribuci\u00f3n, se convierte en una presentaci\u00f3n fotorrealista. Por supuesto, el sistema es aplicable tanto a las nuevas construcciones como a las ya existentes: las vistas en 3D son sumamente adecuadas para proyectos de renovaci\u00f3n.[\/vc_column_text][\/vc_column][vc_column width=\u00bb5\/12&#8243;][vc_single_image image=\u00bb5602&#8243; img_size=\u00bbfull\u00bb][\/vc_column][\/vc_row][vc_row row_content_width=\u00bbgrid\u00bb css=\u00bb.vc_custom_1578595072989{padding-bottom: 50px !important;}\u00bb][vc_column width=\u00bb5\/12&#8243;][vc_single_image image=\u00bb5604&#8243; img_size=\u00bbfull\u00bb][\/vc_column][vc_column width=\u00bb7\/12&#8243;][vc_column_text]<\/p>\n<h2>PRESENTACI\u00d3N DE PRODUCTOS<\/h2>\n<p>\u00bfC\u00f3mo presentar un producto que a\u00fan no existe f\u00edsicamente? Los dise\u00f1adores y fabricantes utilizan cada vez m\u00e1s las presentaciones en 3D para convencer a sus potenciales clientes. Casa 3D visualiza los productos aisladamente y puede situarlos en un entorno que les resulte natural. Sus m\u00faltiples aplicaciones abarcan desde mobiliario hasta art\u00edculos de uso y consumo: Casa 3D da vida a un producto y crea la presentaci\u00f3n perfecta.[\/vc_column_text][\/vc_column][\/vc_row][vc_row row_content_width=\u00bbgrid\u00bb][vc_column width=\u00bb7\/12&#8243;][vc_column_text]<\/p>\n<h2>PLANOS EN 2D Y 3D<\/h2>\n<p>En determinadas fases de un proyecto es esencial contar con los planos adecuados, tanto para las presentaciones como para plasmar nuevas ideas \u2014ideas que den forma al espacio, que definan el ambiente\u2014. Casa 3D elabora planos en 2D y 3D, con dise\u00f1os que van desde esbozados hasta detallados.<br \/>\nGracias a un elaborado flujo de trabajo, se pueden reutilizar en una fase posterior de un proyecto para la realizaci\u00f3n de impresiones art\u00edsticas (fotorrealistas).[\/vc_column_text][\/vc_column][vc_column width=\u00bb5\/12&#8243;][vc_single_image image=\u00bb5598&#8243; img_size=\u00bbfull\u00bb][\/vc_column][\/vc_row][vc_row row_content_width=\u00bbgrid\u00bb css=\u00bb.vc_custom_1578596286349{margin-top: 30px !important;margin-bottom: -50px !important;padding-top: 30px !important;padding-bottom: 30px !important;}\u00bb simple_background_color=\u00bb#d6d2c7&#8243;][vc_column width=\u00bb5\/12&#8243;][vc_column_text]<\/p>\n<h2>\u00bfM\u00c1S INFORMACI\u00d3N?<\/h2>\n<p>Rellena el formulario de contacto o ll\u00e1manos directamente:<\/p>\n<h3><a href=\"tel:+31655171640\">+31 6 55171640<\/a><\/h3>\n<h3><a href=\"tel:+34688797812\">+34 688 797 812<\/a><\/h3>\n<p>[\/vc_column_text][\/vc_column][vc_column width=\u00bb7\/12&#8243;]<noscript class=\"ninja-forms-noscript-message\">\n\tAviso: Se requiere JavaScript para este contenido.<\/noscript>\nEste formulario se encuentra actualmente en mantenimiento. Por favor, int\u00e9ntalo de nuevo m\u00e1s tarde.[\/vc_column][\/vc_row]<\/p>\n<\/div>","protected":false},"excerpt":{"rendered":"<p>[vc_row content_placement=\u00bbtop\u00bb css=\u00bb.vc_custom_1578596441605{margin-top: -50px !important;}\u00bb][vc_column][\/vc_column][\/vc_row][vc_row row_content_width=\u00bbgrid\u00bb css=\u00bb.vc_custom_1578596134690{padding-top: 50px !important;padding-bottom: 50px !important;}\u00bb][vc_column width=\u00bb5\/12&#8243;][vc_single_image image=\u00bb5607&#8243; img_size=\u00bbfull\u00bb][\/vc_column][vc_column width=\u00bb7\/12&#8243;][vc_column_text] ESTILISMO DE INTERIORES Una presentaci\u00f3n en 3D facilita mucho la tarea de convencer al cliente, ya que es el medio ideal para mostrar un estilismo [&hellip;]<\/p>\n","protected":false},"author":1,"featured_media":0,"parent":0,"menu_order":0,"comment_status":"closed","ping_status":"closed","template":"full-width.php","meta":{"_monsterinsights_skip_tracking":false,"_monsterinsights_sitenote_active":false,"_monsterinsights_sitenote_note":"","_monsterinsights_sitenote_category":0,"footnotes":""},"class_list":["post-5904","page","type-page","status-publish","hentry"],"_links":{"self":[{"href":"https:\/\/casa3d.eu\/es\/wp-json\/wp\/v2\/pages\/5904","targetHints":{"allow":["GET"]}}],"collection":[{"href":"https:\/\/casa3d.eu\/es\/wp-json\/wp\/v2\/pages"}],"about":[{"href":"https:\/\/casa3d.eu\/es\/wp-json\/wp\/v2\/types\/page"}],"author":[{"embeddable":true,"href":"https:\/\/casa3d.eu\/es\/wp-json\/wp\/v2\/users\/1"}],"replies":[{"embeddable":true,"href":"https:\/\/casa3d.eu\/es\/wp-json\/wp\/v2\/comments?post=5904"}],"version-history":[{"count":7,"href":"https:\/\/casa3d.eu\/es\/wp-json\/wp\/v2\/pages\/5904\/revisions"}],"predecessor-version":[{"id":6228,"href":"https:\/\/casa3d.eu\/es\/wp-json\/wp\/v2\/pages\/5904\/revisions\/6228"}],"wp:attachment":[{"href":"https:\/\/casa3d.eu\/es\/wp-json\/wp\/v2\/media?parent=5904"}],"curies":[{"name":"wp","href":"https:\/\/api.w.org\/{rel}","templated":true}]}}