{"id":5913,"date":"2020-01-10T10:03:07","date_gmt":"2020-01-10T10:03:07","guid":{"rendered":"https:\/\/casa3d.eu\/voor-wie"},"modified":"2021-04-28T13:08:02","modified_gmt":"2021-04-28T13:08:02","slug":"para-quien","status":"publish","type":"page","link":"https:\/\/casa3d.eu\/es\/para-quien","title":{"rendered":"Para qui\u00e9n"},"content":{"rendered":"<div class=\"wpb-content-wrapper\"><p>[vc_row content_placement=\u00bbtop\u00bb css=\u00bb.vc_custom_1578596441605{margin-top: -50px !important;}\u00bb][vc_column]\n\t\t\t\t<p class=\"rs-p-wp-fix\"><\/p>\n\t\t\t\t<sr7-module data-alias=\"voor-wie-pagina-1\" data-id=\"7\" id=\"SR7_7_1\" class=\"rs-ov-hidden\" data-version=\"6.7.51\">\n\t\t\t\t\t<sr7-adjuster><\/sr7-adjuster>\n\t\t\t\t\t<sr7-content>\n\t\t\t\t\t\t<sr7-slide id=\"SR7_7_1-11\" data-key=\"11\">\n\t\t\t\t\t\t\t<sr7-txt id=\"SR7_7_1-11-3\" class=\"sr7-layer\">Casa 3D trabaja para<\/sr7-txt>\n\t\t\t\t\t\t\t<sr7-txt id=\"SR7_7_1-11-4\" class=\"sr7-layer\">Estilistas de interiores, arquitectos, fabricantes, dise\u00f1adores, interioristas...<\/sr7-txt>\n\t\t\t\t\t\t\t<sr7-txt id=\"SR7_7_1-11-6\" class=\"sr7-layer\">Casa 3D trabaja para<\/sr7-txt>\n\t\t\t\t\t\t\t<sr7-txt id=\"SR7_7_1-11-7\" class=\"sr7-layer\">Estilistas de interiores, arquitectos, fabricantes, <br \/>\ndise\u00f1adores, interioristas...<\/sr7-txt>\n\t\t\t\t\t\t\t<sr7-txt id=\"SR7_7_1-11-8\" class=\"sr7-layer\">Over Casa 3D<\/sr7-txt>\n\t\t\t\t\t\t\t<sr7-txt id=\"SR7_7_1-11-10\" class=\"sr7-layer\">Estilistas de interiores, arquitectos, fabricantes, dise\u00f1adores, interioristas...<\/sr7-txt>\n\t\t\t\t\t\t<\/sr7-slide>\n\t\t\t\t\t\t<sr7-slide id=\"SR7_7_1-43\" data-key=\"43\">\n\t\t\t\t\t\t<\/sr7-slide>\n\t\t\t\t\t<\/sr7-content>\n\t\t\t\t\t<image_lists style=\"display:none\">\n\t\t\t\t\t\t<img data-src=\"\/\/casa3d.eu\/wp-content\/uploads\/2022\/10\/LS_Cam_buiten_rechts_644_0000_Ultra_1.jpg\" data-libid=\"6551\" data-lib=\"medialibrary\" title=\"LS_Cam_buiten_rechts_644_0000_Ultra_1\" width=\"0\" height=\"0\" data-dbsrc=\"Ly9jYXNhM2QuZXUvd3AtY29udGVudC91cGxvYWRzLzIwMjIvMTAvTFNfQ2FtX2J1aXRlbl9yZWNodHNfNjQ0XzAwMDBfVWx0cmFfMS5qcGc=\"\/>\n\t\t\t\t\t<\/image_lists>\n\t\t\t\t<\/sr7-module>\n\t\t\t\t<script>\n\t\t\t\t\twindow.SR7 ??={};SR7.PMH ??={}; SR7.PMH[\"SR7_7_1\"] = {cn:100,state:false,fn: function() { if (window._tpt!==undefined && window._tpt.prepareModuleHeight !== undefined) {  _tpt.prepareModuleHeight({id:\"SR7_7_1\",el:[800,800,800,960,560],type:'standard',shdw:'0',gh:[800,800,800,960,560],gw:[1240,1240,1240,778,480],vpt:['100px&#039;,&#039;100px&#039;,&#039;100px&#039;,&#039;100px&#039;,&#039;100px'],size:{fullWidth:true, fullHeight:false},mh:'0',onh:0,onw:0,bg:{color:'{\"orig\":\"transparent\",\"type\":\"solid\",\"string\":\"transparent\"}'},plType:'0',plColor:'#FFFFFF'});   SR7.PMH[\"SR7_7_1\"].state=true;} else if(SR7.PMH[\"SR7_7_1\"].cn-->0)\tsetTimeout( SR7.PMH[\"SR7_7_1\"].fn,19);}};SR7.PMH[\"SR7_7_1\" ].fn();\n\t\t\t\t<\/script>\n[\/vc_column][\/vc_row][vc_row row_content_width=\u00bbgrid\u00bb css=\u00bb.vc_custom_1578596134690{padding-top: 50px !important;padding-bottom: 50px !important;}\u00bb][vc_column width=\u00bb1\/3&#8243;][vc_single_image image=\u00bb5663&#8243; img_size=\u00bbfull\u00bb][\/vc_column][vc_column width=\u00bb1\/3&#8243;][vc_column_text css=\u00bb.vc_custom_1581694170213{padding-top: -20px !important;}\u00bb]<\/p>\n<h2>PARA ARQUITECTOS<\/h2>\n<p>Casa 3D presta apoyo a los arquitectos presentando sus ideas con el mayor realismo posible para su desarrollo. En estrecha colaboraci\u00f3n con ellos, Casa 3D realiza las presentaciones m\u00e1s atractivas a partir de la informaci\u00f3n, las ideas y los detalles que proporcionan.[\/vc_column_text][\/vc_column][vc_column width=\u00bb1\/3&#8243;][vc_single_image image=\u00bb5665&#8243; img_size=\u00bbfull\u00bb][\/vc_column][\/vc_row][vc_row row_content_width=\u00bbgrid\u00bb css=\u00bb.vc_custom_1578596134690{padding-top: 50px !important;padding-bottom: 50px !important;}\u00bb][vc_column width=\u00bb1\/3&#8243;][vc_column_text css=\u00bb.vc_custom_1581694196416{padding-top: -20px !important;}\u00bb]<\/p>\n<h2>PARA ESTILISTAS DE INTERIORES<\/h2>\n<p>Casa 3D tambi\u00e9n ofrece las mejores renderizaciones en 3D para arquitectos de interiores, a fin de que puedan mostr\u00e1rselas a sus clientes. No hay nada m\u00e1s convincente que una visualizaci\u00f3n fotorrealista en 3D, \u00a1como si se tratara de un espacio que ya existe![\/vc_column_text][\/vc_column][vc_column width=\u00bb1\/3&#8243;][vc_single_image image=\u00bb5670&#8243; img_size=\u00bbfull\u00bb][\/vc_column][vc_column width=\u00bb1\/3&#8243;][vc_single_image image=\u00bb5671&#8243; img_size=\u00bbfull\u00bb][\/vc_column][\/vc_row][vc_row row_content_width=\u00bbgrid\u00bb css=\u00bb.vc_custom_1578596134690{padding-top: 50px !important;padding-bottom: 50px !important;}\u00bb][vc_column width=\u00bb1\/3&#8243;][vc_single_image image=\u00bb5673&#8243; img_size=\u00bbfull\u00bb][\/vc_column][vc_column width=\u00bb1\/3&#8243;][vc_single_image image=\u00bb5674&#8243; img_size=\u00bbfull\u00bb][\/vc_column][vc_column width=\u00bb1\/3&#8243;][vc_column_text css=\u00bb.vc_custom_1581694223453{padding-top: -20px !important;}\u00bb]<\/p>\n<h2>PARA LA VISUALIZACI\u00d3N DE PRODUCTOS<\/h2>\n<p>Los productos no siempre se pueden fotografiar. A veces por cuesti\u00f3n de costes, y otras veces porque a\u00fan no existen. Con sus visualizaciones, Casa 3D ofrece la soluci\u00f3n ideal. Ayudamos a los fabricantes a crear atractivas presentaciones de sus productos.[\/vc_column_text][\/vc_column][\/vc_row][vc_row row_content_width=\u00bbgrid\u00bb css=\u00bb.vc_custom_1578596286349{margin-top: 30px !important;margin-bottom: -50px !important;padding-top: 30px !important;padding-bottom: 30px !important;}\u00bb simple_background_color=\u00bb#d6d2c7&#8243;][vc_column width=\u00bb5\/12&#8243;][vc_column_text]<\/p>\n<h2>\u00bfM\u00c1S INFORMACI\u00d3N?<\/h2>\n<p>Rellena el formulario de contacto o ll\u00e1manos directamente:<\/p>\n<h3><a href=\"tel:+31655171640\">+31 6 55171640<\/a><\/h3>\n<h3><a href=\"tel:+34688797812\">+34 688 797 812<\/a><\/h3>\n<p>[\/vc_column_text][\/vc_column][vc_column width=\u00bb7\/12&#8243;]<noscript class=\"ninja-forms-noscript-message\">\n\tAviso: Se requiere JavaScript para este contenido.<\/noscript>\nEste formulario se encuentra actualmente en mantenimiento. Por favor, int\u00e9ntalo de nuevo m\u00e1s tarde.[\/vc_column][\/vc_row]<\/p>\n<\/div>","protected":false},"excerpt":{"rendered":"<p>[vc_row content_placement=\u00bbtop\u00bb css=\u00bb.vc_custom_1578596441605{margin-top: -50px !important;}\u00bb][vc_column][\/vc_column][\/vc_row][vc_row row_content_width=\u00bbgrid\u00bb css=\u00bb.vc_custom_1578596134690{padding-top: 50px !important;padding-bottom: 50px !important;}\u00bb][vc_column width=\u00bb1\/3&#8243;][vc_single_image image=\u00bb5663&#8243; img_size=\u00bbfull\u00bb][\/vc_column][vc_column width=\u00bb1\/3&#8243;][vc_column_text css=\u00bb.vc_custom_1581694170213{padding-top: -20px !important;}\u00bb] PARA ARQUITECTOS Casa 3D presta apoyo a los arquitectos presentando sus ideas con el mayor realismo posible para su desarrollo. En estrecha [&hellip;]<\/p>\n","protected":false},"author":1,"featured_media":0,"parent":0,"menu_order":0,"comment_status":"closed","ping_status":"closed","template":"full-width.php","meta":{"_monsterinsights_skip_tracking":false,"_monsterinsights_sitenote_active":false,"_monsterinsights_sitenote_note":"","_monsterinsights_sitenote_category":0,"footnotes":""},"class_list":["post-5913","page","type-page","status-publish","hentry"],"_links":{"self":[{"href":"https:\/\/casa3d.eu\/es\/wp-json\/wp\/v2\/pages\/5913","targetHints":{"allow":["GET"]}}],"collection":[{"href":"https:\/\/casa3d.eu\/es\/wp-json\/wp\/v2\/pages"}],"about":[{"href":"https:\/\/casa3d.eu\/es\/wp-json\/wp\/v2\/types\/page"}],"author":[{"embeddable":true,"href":"https:\/\/casa3d.eu\/es\/wp-json\/wp\/v2\/users\/1"}],"replies":[{"embeddable":true,"href":"https:\/\/casa3d.eu\/es\/wp-json\/wp\/v2\/comments?post=5913"}],"version-history":[{"count":7,"href":"https:\/\/casa3d.eu\/es\/wp-json\/wp\/v2\/pages\/5913\/revisions"}],"predecessor-version":[{"id":6232,"href":"https:\/\/casa3d.eu\/es\/wp-json\/wp\/v2\/pages\/5913\/revisions\/6232"}],"wp:attachment":[{"href":"https:\/\/casa3d.eu\/es\/wp-json\/wp\/v2\/media?parent=5913"}],"curies":[{"name":"wp","href":"https:\/\/api.w.org\/{rel}","templated":true}]}}