{"id":6068,"date":"2020-09-17T07:51:25","date_gmt":"2020-09-17T07:51:25","guid":{"rendered":"https:\/\/casa3d.eu\/virtual-reality-vr"},"modified":"2021-04-28T13:06:48","modified_gmt":"2021-04-28T13:06:48","slug":"virtual-reality-vr","status":"publish","type":"page","link":"https:\/\/casa3d.eu\/es\/virtual-reality-vr","title":{"rendered":"Realidad Virtual (VR)"},"content":{"rendered":"<div class=\"wpb-content-wrapper\"><p>[vc_row][vc_column]\n\t\t\t\t<p class=\"rs-p-wp-fix\"><\/p>\n\t\t\t\t<sr7-module data-alias=\"vr-nl-1\" data-id=\"11\" id=\"SR7_11_1\" class=\"rs-ov-hidden\" data-version=\"6.7.51\">\n\t\t\t\t\t<sr7-adjuster><\/sr7-adjuster>\n\t\t\t\t\t<sr7-content>\n\t\t\t\t\t\t<sr7-slide id=\"SR7_11_1-20\" data-key=\"20\">\n\t\t\t\t\t\t\t<p id=\"SR7_11_1-20-29\" class=\"sr7-layer\">Realidad Virtual<\/p>\n\t\t\t\t\t\t\t<sr7-txt id=\"SR7_11_1-20-30\" class=\"sr7-layer\">Casa 3D materializa la realidad virtual tanto en soluciones aut\u00f3nomas como en soluciones en tiempo real, y tambi\u00e9n es especialista en fotograf\u00eda 3D VR.<\/sr7-txt>\n\t\t\t\t\t\t<\/sr7-slide>\n\t\t\t\t\t\t<sr7-slide id=\"SR7_11_1-18\" data-key=\"18\">\n\t\t\t\t\t\t\t<sr7-txt id=\"SR7_11_1-18-32\" class=\"sr7-layer\">VR aut\u00f3noma<\/sr7-txt>\n\t\t\t\t\t\t\t<sr7-txt id=\"SR7_11_1-18-33\" class=\"sr7-layer\">Con gafas de realidad virtual aut\u00f3nomas especiales o, sencillamente, con su smartphone y unas gafas de realidad virtual de cart\u00f3n.<\/sr7-txt>\n\t\t\t\t\t\t<\/sr7-slide>\n\t\t\t\t\t\t<sr7-slide id=\"SR7_11_1-19\" data-key=\"19\">\n\t\t\t\t\t\t\t<sr7-txt id=\"SR7_11_1-19-35\" class=\"sr7-layer\">En tiempo real<\/sr7-txt>\n\t\t\t\t\t\t\t<sr7-txt id=\"SR7_11_1-19-36\" class=\"sr7-layer\">para tutoriales y v\u00eddeos fotorrealistas<\/sr7-txt>\n\t\t\t\t\t\t<\/sr7-slide>\n\t\t\t\t\t\t<sr7-slide id=\"SR7_11_1-47\" data-key=\"47\">\n\t\t\t\t\t\t<\/sr7-slide>\n\t\t\t\t\t<\/sr7-content>\n\t\t\t\t\t<image_lists style=\"display:none\">\n\t\t\t\t\t\t<img data-src=\"\/\/casa3d.eu\/wp-content\/uploads\/2020\/02\/Woonkamer-op-eethoek-gang.jpg\" data-libid=\"5754\" data-lib=\"medialibrary\" title=\"Woonkamer-op-eethoek-gang\" width=\"0\" height=\"0\" data-dbsrc=\"Ly9jYXNhM2QuZXUvd3AtY29udGVudC91cGxvYWRzLzIwMjAvMDIvV29vbmthbWVyLW9wLWVldGhvZWstZ2FuZy5qcGc=\"\/>\n\t\t\t\t\t\t<img data-src=\"\/\/casa3d.eu\/wp-content\/uploads\/2020\/09\/3D-360-Hoog-Catharijne-little-planet.jpg\" data-libid=\"6032\" data-lib=\"medialibrary\" alt=\"Casa 3D Virtual Reality Hoog Catharijne\" title=\"3D-360-Hoog-Catharijne-little-planet\" width=\"0\" height=\"0\" data-dbsrc=\"Ly9jYXNhM2QuZXUvd3AtY29udGVudC91cGxvYWRzLzIwMjAvMDkvM0QtMzYwLUhvb2ctQ2F0aGFyaWpuZS1saXR0bGUtcGxhbmV0LmpwZw==\"\/>\n\t\t\t\t\t<\/image_lists>\n\t\t\t\t<\/sr7-module>\n\t\t\t\t<script>\n\t\t\t\t\twindow.SR7 ??={};SR7.PMH ??={}; SR7.PMH[\"SR7_11_1\"] = {cn:100,state:false,fn: function() { if (window._tpt!==undefined && window._tpt.prepareModuleHeight !== undefined) {  _tpt.prepareModuleHeight({id:\"SR7_11_1\",el:[900,900,768,960,570],type:'standard',shdw:'0',gh:[900,900,768,960,570],gw:[1240,1240,1024,778,480],vpt:['100px&#039;,&#039;100px&#039;,&#039;100px&#039;,&#039;100px&#039;,&#039;100px'],size:{fullWidth:true, fullHeight:false},mh:'0',onh:0,onw:0,bg:{color:'{\"orig\":\"transparent\",\"type\":\"solid\",\"string\":\"transparent\"}'},plType:'7',plColor:'#FFFFFF'});   SR7.PMH[\"SR7_11_1\"].state=true;} else if(SR7.PMH[\"SR7_11_1\"].cn-->0)\tsetTimeout( SR7.PMH[\"SR7_11_1\"].fn,19);}};SR7.PMH[\"SR7_11_1\" ].fn();\n\t\t\t\t<\/script>\n[\/vc_column][\/vc_row][vc_row row_content_width=\u00bbgrid\u00bb css=\u00bb.vc_custom_1578582984998{padding-top: 20px !important;}\u00bb][vc_column css=\u00bb.vc_custom_1578472834238{padding-top: 10px !important;padding-bottom: 30px !important;}\u00bb][vc_column_text]<\/p>\n<h2 style=\"text-align: center;\">La vivencia m\u00e1s intensa de un dise\u00f1o<\/h2>\n<p style=\"text-align: center;\">Las actuales t\u00e9cnicas de Realidad Virtual hacen posible experimentar c\u00f3mo ser\u00e1 un concepto o dise\u00f1o en la pr\u00e1ctica, para casi todo tipo de presupuestos. Utilizando gafas de realidad virtual o incluso un tel\u00e9fono m\u00f3vil normal con unas gafas de realidad virtual de cart\u00f3n, se ha hecho posible avanzar hacia la nueva realidad del dise\u00f1o. Cuando se muestra a los clientes una experiencia de realidad virtual creada por Casa3D, este es el comentario que se escucha normalmente: \u201c\u00a1Es como si realmente estuvieras all\u00ed!\u201d.<\/p>\n<p>[\/vc_column_text][\/vc_column][\/vc_row][vc_row row_content_width=\u00bbgrid\u00bb css=\u00bb.vc_custom_1578479072987{padding-top: 30px !important;padding-bottom: 30px !important;}\u00bb simple_background_color=\u00bb#d6d2c7&#8243;][vc_column width=\u00bb1\/2&#8243;][vc_raw_html]JTNDaWZyYW1lJTIwd2lkdGglM0QlMjIxMDAlMjUlMjIlMjBoZWlnaHQlM0QlMjIzMjAlMjIlMjBzdHlsZSUzRCUyMndpZHRoJTNBJTIwMTAwJTI1JTNCJTIwaGVpZ2h0JTNBJTIwMzIwcHglM0IlMjBib3JkZXIlM0ElMjBub25lJTNCJTIwbWF4LXdpZHRoJTNBJTIwMTAwJTI1JTNCJTIyJTIwZnJhbWVib3JkZXIlM0QlMjIwJTIyJTIwYWxsb3dmdWxsc2NyZWVuJTIwYWxsb3clM0QlMjJ4ci1zcGF0aWFsLXRyYWNraW5nJTNCJTIwZ3lyb3Njb3BlJTNCJTIwYWNjZWxlcm9tZXRlciUyMiUyMHNjcm9sbGluZyUzRCUyMm5vJTIyJTIwc3JjJTNEJTIyaHR0cHMlM0ElMkYlMkZrdXVsYS5jbyUyRnNoYXJlJTJGY29sbGVjdGlvbiUyRjdQUEZrJTNGZnMlM0QxJTI2dnIlM0QxJTI2aW5pdGxvYWQlM0QwJTI2dGh1bWJzJTNEMSUyNmNocm9tZWxlc3MlM0QxJTI2bG9nbyUzRDElMjZsb2dvc2l6ZSUzRDgyJTIyJTNFJTNDJTJGaWZyYW1lJTNF[\/vc_raw_html][\/vc_column][vc_column width=\u00bb1\/2&#8243;][vc_column_text]<\/p>\n<h2>VR Aut\u00f3noma<\/h2>\n<p>Casa3D crea una serie de im\u00e1genes estereosc\u00f3picas de 360 grados en un proyecto, pero sin necesidad de costes adicionales. Se trata de fotos 3D en 360 grados; por lo tanto, el entorno dise\u00f1ado est\u00e1 a su alrededor, y tambi\u00e9n est\u00e1 en 3D, haciendo que parezca que se puede tocar la silla que se est\u00e1 viendo. La realidad virtual aut\u00f3noma es enormemente accesible en t\u00e9rminos de costes, y altamente convincente para el dise\u00f1o de un arquitecto o decorador.[\/vc_column_text][\/vc_column][\/vc_row][vc_row row_content_width=\u00bbgrid\u00bb css=\u00bb.vc_custom_1579620465520{padding-top: 30px !important;padding-bottom: 30px !important;}\u00bb simple_background_color=\u00bb#afada3&#8243; el_class=\u00bbreverse_mobile\u00bb][vc_column width=\u00bb1\/2&#8243; css=\u00bb.vc_custom_1578558434201{padding-bottom: 20px !important;}\u00bb][vc_column_text]<\/p>\n<h2>VR en tiempo real<\/h2>\n<p>Un paso m\u00e1s all\u00e1 de la realidad virtual aut\u00f3noma es la realidad virtual en tiempo real. Para ello, el interior o el exterior se convierten en un entorno fotorrealista en tiempo real. Basado en un motor de juego, se puede recorrer el entorno dise\u00f1ado, completo hasta en sus menores detalles. Para entornos o espacios m\u00e1s grandes y para la combinaci\u00f3n interior\/exterior, el tiempo real es un medio convincente para transmitir el dise\u00f1o a los destinatarios. Tambi\u00e9n se puede utilizar el tiempo real para crear v\u00eddeos convincentes y atractivos. En el v\u00eddeo de la derecha se puede ver el enorme realismo que puede alcanzar el tiempo real.[\/vc_column_text][\/vc_column][vc_column width=\u00bb1\/2&#8243;][vc_video link=\u00bbhttps:\/\/vimeo.com\/455753668&#8243;][\/vc_column][\/vc_row][vc_row row_content_width=\u00bbgrid\u00bb css=\u00bb.vc_custom_1600344687140{padding-top: 30px !important;padding-bottom: 30px !important;}\u00bb simple_background_color=\u00bb#7a776a\u00bb][vc_column width=\u00bb1\/2&#8243;][vc_raw_html]JTNDaWZyYW1lJTIwd2lkdGglM0QlMjIxMDAlMjUlMjIlMjBoZWlnaHQlM0QlMjIzMjAlMjIlMjBzdHlsZSUzRCUyMndpZHRoJTNBJTIwMTAwJTI1JTNCJTIwaGVpZ2h0JTNBJTIwMzIwcHglM0IlMjBib3JkZXIlM0ElMjBub25lJTNCJTIwbWF4LXdpZHRoJTNBJTIwMTAwJTI1JTNCJTIyJTIwZnJhbWVib3JkZXIlM0QlMjIwJTIyJTIwYWxsb3dmdWxsc2NyZWVuJTIwYWxsb3clM0QlMjJ4ci1zcGF0aWFsLXRyYWNraW5nJTNCJTIwZ3lyb3Njb3BlJTNCJTIwYWNjZWxlcm9tZXRlciUyMiUyMHNjcm9sbGluZyUzRCUyMm5vJTIyJTIwc3JjJTNEJTIyaHR0cHMlM0ElMkYlMkZrdXVsYS5jbyUyRnNoYXJlJTJGY29sbGVjdGlvbiUyRjdQMEpkJTNGZnMlM0QxJTI2dnIlM0QxJTI2aW5pdGxvYWQlM0QwJTI2YXV0b3AlM0QxMCUyNnRodW1icyUzRDElMjZjaHJvbWVsZXNzJTNEMSUyNmxvZ28lM0QxJTI2bG9nb3NpemUlM0Q4MiUyMiUzRSUzQyUyRmlmcmFtZSUzRQ==[\/vc_raw_html][\/vc_column][vc_column width=\u00bb1\/2&#8243;][vc_column_text]<\/p>\n<h2>Fotograf\u00eda 3D VR<\/h2>\n<p>Gracias a las posibilidades actuales de la realidad virtual, la fotograf\u00eda 3D, es decir fotos con profundidad, aporta una dimensi\u00f3n adicional a los proyectos realizados, y debe interesar a los compradores potenciales o a otro tipo de p\u00fablico. Se puede ver un objeto o espacio en cualquier lugar, como si el espectador estuviera realmente en la habitaci\u00f3n o cerca del objeto. Casa3D ha desarrollado su propia t\u00e9cnica para realizar fotos 3D (estereosc\u00f3picas) de 360 grados en entornos ya existentes. Las fotos se pueden ver con gafas de realidad virtual aut\u00e9nticas, pero tambi\u00e9n con gafas de cart\u00f3n con un smartphone incorporado; una soluci\u00f3n muy accesible, y con un gran impacto en el p\u00fablico.[\/vc_column_text][\/vc_column][\/vc_row][vc_row row_content_width=\u00bbgrid\u00bb][vc_column width=\u00bb1\/4&#8243;][vc_raw_html]JTNDaWZyYW1lJTIwd2lkdGglM0QlMjIxMDAlMjUlMjIlMjBoZWlnaHQlM0QlMjIzMjAlMjIlMjBzdHlsZSUzRCUyMndpZHRoJTNBJTIwMTAwJTI1JTNCJTIwaGVpZ2h0JTNBJTIwMzIwcHglM0IlMjBib3JkZXIlM0ElMjBub25lJTNCJTIwbWF4LXdpZHRoJTNBJTIwMTAwJTI1JTNCJTIyJTIwZnJhbWVib3JkZXIlM0QlMjIwJTIyJTIwYWxsb3dmdWxsc2NyZWVuJTIwYWxsb3clM0QlMjJ4ci1zcGF0aWFsLXRyYWNraW5nJTNCJTIwZ3lyb3Njb3BlJTNCJTIwYWNjZWxlcm9tZXRlciUyMiUyMHNjcm9sbGluZyUzRCUyMm5vJTIyJTIwc3JjJTNEJTIyaHR0cHMlM0ElMkYlMkZrdXVsYS5jbyUyRnNoYXJlJTJGY29sbGVjdGlvbiUyRjdQdmNrJTNGZnMlM0QxJTI2dnIlM0QxJTI2aW5pdGxvYWQlM0QwJTI2YXV0b3JvdGF0ZSUzRDAuMDIlMjZ0aHVtYnMlM0QxJTI2Y2hyb21lbGVzcyUzRDElMjZsb2dvJTNEMSUyNmxvZ29zaXplJTNEODIlMjIlM0UlM0MlMkZpZnJhbWUlM0U=[\/vc_raw_html][\/vc_column][vc_column width=\u00bb1\/4&#8243;][vc_raw_html]JTNDaWZyYW1lJTIwd2lkdGglM0QlMjIxMDAlMjUlMjIlMjBoZWlnaHQlM0QlMjIzMjAlMjIlMjBzdHlsZSUzRCUyMndpZHRoJTNBJTIwMTAwJTI1JTNCJTIwaGVpZ2h0JTNBJTIwMzIwcHglM0IlMjBib3JkZXIlM0ElMjBub25lJTNCJTIwbWF4LXdpZHRoJTNBJTIwMTAwJTI1JTNCJTIyJTIwZnJhbWVib3JkZXIlM0QlMjIwJTIyJTIwYWxsb3dmdWxsc2NyZWVuJTIwYWxsb3clM0QlMjJ4ci1zcGF0aWFsLXRyYWNraW5nJTNCJTIwZ3lyb3Njb3BlJTNCJTIwYWNjZWxlcm9tZXRlciUyMiUyMHNjcm9sbGluZyUzRCUyMm5vJTIyJTIwc3JjJTNEJTIyaHR0cHMlM0ElMkYlMkZrdXVsYS5jbyUyRnNoYXJlJTJGY29sbGVjdGlvbiUyRjdQZjRmJTNGZnMlM0QxJTI2dnIlM0QxJTI2aW5pdGxvYWQlM0QwJTI2YXV0b3JvdGF0ZSUzRDAuMDIlMjZ0aHVtYnMlM0QxJTI2Y2hyb21lbGVzcyUzRDElMjZsb2dvJTNEMSUyNmxvZ29zaXplJTNEODIlMjIlM0UlM0MlMkZpZnJhbWUlM0U=[\/vc_raw_html][\/vc_column][vc_column width=\u00bb1\/4&#8243;][vc_raw_html]JTNDaWZyYW1lJTIwd2lkdGglM0QlMjIxMDAlMjUlMjIlMjBoZWlnaHQlM0QlMjIzMjAlMjIlMjBzdHlsZSUzRCUyMndpZHRoJTNBJTIwMTAwJTI1JTNCJTIwaGVpZ2h0JTNBJTIwMzIwcHglM0IlMjBib3JkZXIlM0ElMjBub25lJTNCJTIwbWF4LXdpZHRoJTNBJTIwMTAwJTI1JTNCJTIyJTIwZnJhbWVib3JkZXIlM0QlMjIwJTIyJTIwYWxsb3dmdWxsc2NyZWVuJTIwYWxsb3clM0QlMjJ4ci1zcGF0aWFsLXRyYWNraW5nJTNCJTIwZ3lyb3Njb3BlJTNCJTIwYWNjZWxlcm9tZXRlciUyMiUyMHNjcm9sbGluZyUzRCUyMm5vJTIyJTIwc3JjJTNEJTIyaHR0cHMlM0ElMkYlMkZrdXVsYS5jbyUyRnNoYXJlJTJGY29sbGVjdGlvbiUyRjdQdjdTJTNGZnMlM0QxJTI2dnIlM0QxJTI2aW5pdGxvYWQlM0QwJTI2YXV0b3JvdGF0ZSUzRDAuMDIlMjZ0aHVtYnMlM0QxJTI2Y2hyb21lbGVzcyUzRDElMjZsb2dvJTNEMSUyNmxvZ29zaXplJTNEODIlMjIlM0UlM0MlMkZpZnJhbWUlM0U=[\/vc_raw_html][\/vc_column][vc_column width=\u00bb1\/4&#8243; css=\u00bb.vc_custom_1600348067746{background-color: #d6d2c7 !important;}\u00bb][vc_column_text]<\/p>\n<h2><a href=\"https:\/\/kuula.co\/profile\/Casa3d\/collections\" target=\"_blank\" rel=\"noopener noreferrer\">\u00bfLe interesa?<\/a><\/h2>\n<p>Visite nuestra p\u00e1gina, con una carpeta de fotos de 360 grados. Muchas de ellas tambi\u00e9n est\u00e1n realizadas en 3D, y vistas con gafas de realidad virtual son realmente espectaculares. Tambi\u00e9n estaremos encantados de demostrarle el impacto de una visualizaci\u00f3n en realidad virtual. P\u00f3ngase en contacto con nosotros para obtener m\u00e1s informaci\u00f3n.[\/vc_column_text][\/vc_column][\/vc_row][vc_row row_content_width=\u00bbgrid\u00bb parallax_background_image=\u00bb4086&#8243; simple_background_color=\u00bb#d6d2c7&#8243; css=\u00bb.vc_custom_1578594615003{padding-top: 30px !important;padding-bottom: 30px !important;}\u00bb][vc_column width=\u00bb5\/12&#8243;][vc_column_text]<\/p>\n<h2>\u00bfDESEA EXPERIMENTAR LA VR PERSONALMENTE?<\/h2>\n<p>Estaremos encantados de ofrecerle una demostraci\u00f3n de las posibilidades de la realidad virtual. Rellene el formulario de contacto o ll\u00e1menos directamente:<\/p>\n<h3><a href=\"tel:+31655171640\">+31 (0)6 55171640<\/a><\/h3>\n<h3><a href=\"tel:+34688797812\">+34 688 797 812<\/a><\/h3>\n<p>[\/vc_column_text][\/vc_column][vc_column width=\u00bb7\/12&#8243;]<noscript class=\"ninja-forms-noscript-message\">\n\tAviso: Se requiere JavaScript para este contenido.<\/noscript>\nEste formulario se encuentra actualmente en mantenimiento. Por favor, int\u00e9ntalo de nuevo m\u00e1s tarde.[\/vc_column][\/vc_row]<\/p>\n<\/div>","protected":false},"excerpt":{"rendered":"<p>[vc_row][vc_column][\/vc_column][\/vc_row][vc_row row_content_width=\u00bbgrid\u00bb css=\u00bb.vc_custom_1578582984998{padding-top: 20px !important;}\u00bb][vc_column css=\u00bb.vc_custom_1578472834238{padding-top: 10px !important;padding-bottom: 30px !important;}\u00bb][vc_column_text] La vivencia m\u00e1s intensa de un dise\u00f1o Las actuales t\u00e9cnicas de Realidad Virtual hacen posible experimentar c\u00f3mo ser\u00e1 un concepto o dise\u00f1o en la pr\u00e1ctica, para casi todo tipo de [&hellip;]<\/p>\n","protected":false},"author":1,"featured_media":0,"parent":0,"menu_order":0,"comment_status":"closed","ping_status":"closed","template":"full-width.php","meta":{"_monsterinsights_skip_tracking":false,"_monsterinsights_sitenote_active":false,"_monsterinsights_sitenote_note":"","_monsterinsights_sitenote_category":0,"footnotes":""},"class_list":["post-6068","page","type-page","status-publish","hentry"],"_links":{"self":[{"href":"https:\/\/casa3d.eu\/es\/wp-json\/wp\/v2\/pages\/6068","targetHints":{"allow":["GET"]}}],"collection":[{"href":"https:\/\/casa3d.eu\/es\/wp-json\/wp\/v2\/pages"}],"about":[{"href":"https:\/\/casa3d.eu\/es\/wp-json\/wp\/v2\/types\/page"}],"author":[{"embeddable":true,"href":"https:\/\/casa3d.eu\/es\/wp-json\/wp\/v2\/users\/1"}],"replies":[{"embeddable":true,"href":"https:\/\/casa3d.eu\/es\/wp-json\/wp\/v2\/comments?post=6068"}],"version-history":[{"count":5,"href":"https:\/\/casa3d.eu\/es\/wp-json\/wp\/v2\/pages\/6068\/revisions"}],"predecessor-version":[{"id":6231,"href":"https:\/\/casa3d.eu\/es\/wp-json\/wp\/v2\/pages\/6068\/revisions\/6231"}],"wp:attachment":[{"href":"https:\/\/casa3d.eu\/es\/wp-json\/wp\/v2\/media?parent=6068"}],"curies":[{"name":"wp","href":"https:\/\/api.w.org\/{rel}","templated":true}]}}