{"id":6478,"date":"2021-05-03T14:27:01","date_gmt":"2021-05-03T14:27:01","guid":{"rendered":"https:\/\/casa3d.eu\/vastgoedpresentaties"},"modified":"2022-03-22T22:15:07","modified_gmt":"2022-03-22T22:15:07","slug":"presentaciones-viviendas","status":"publish","type":"page","link":"https:\/\/casa3d.eu\/es\/presentaciones-viviendas","title":{"rendered":"Presentaciones viviendas"},"content":{"rendered":"<div class=\"wpb-content-wrapper\"><p>[vc_row][vc_column]\n\t\t\t\t<p class=\"rs-p-wp-fix\"><\/p>\n\t\t\t\t<sr7-module data-alias=\"vastgoed-presentaties-nl-1\" data-id=\"13\" id=\"SR7_13_1\" class=\"rs-ov-hidden\" data-version=\"6.7.51\">\n\t\t\t\t\t<sr7-adjuster><\/sr7-adjuster>\n\t\t\t\t\t<sr7-content>\n\t\t\t\t\t\t<sr7-slide id=\"SR7_13_1-25\" data-key=\"25\">\n\t\t\t\t\t\t\t<sr7-txt id=\"SR7_13_1-25-3\" class=\"sr7-layer\">Presentaciones viviendas<\/sr7-txt>\n\t\t\t\t\t\t\t<sr7-txt id=\"SR7_13_1-25-4\" class=\"sr7-layer\">Promotores de proyectos, agentes inmobiliario, alquileres vacacionales y propietarios de viviendas<\/sr7-txt>\n\t\t\t\t\t\t\t<sr7-txt id=\"SR7_13_1-25-6\" class=\"sr7-layer\">Presentaciones viviendas<\/sr7-txt>\n\t\t\t\t\t\t\t<sr7-txt id=\"SR7_13_1-25-7\" class=\"sr7-layer\">Promotores de proyectos, agentes inmobiliario, alquileres vacacionales y propietarios<\/sr7-txt>\n\t\t\t\t\t\t\t<sr7-txt id=\"SR7_13_1-25-8\" class=\"sr7-layer\">Presentaciones viviendas<\/sr7-txt>\n\t\t\t\t\t\t\t<sr7-txt id=\"SR7_13_1-25-10\" class=\"sr7-layer\">Promotores de proyectos, agentes inmobiliario, alquileres vacacionales y propietatorios<\/sr7-txt>\n\t\t\t\t\t\t<\/sr7-slide>\n\t\t\t\t\t\t<sr7-slide id=\"SR7_13_1-49\" data-key=\"49\">\n\t\t\t\t\t\t<\/sr7-slide>\n\t\t\t\t\t<\/sr7-content>\n\t\t\t\t<\/sr7-module>\n\t\t\t\t<script>\n\t\t\t\t\twindow.SR7 ??={};SR7.PMH ??={}; SR7.PMH[\"SR7_13_1\"] = {cn:100,state:false,fn: function() { if (window._tpt!==undefined && window._tpt.prepareModuleHeight !== undefined) {  _tpt.prepareModuleHeight({id:\"SR7_13_1\",el:[800,800,800,960,560],type:'standard',shdw:'0',gh:[800,800,800,960,560],gw:[1240,1240,1240,778,480],vpt:['100px&#039;,&#039;100px&#039;,&#039;100px&#039;,&#039;100px&#039;,&#039;100px'],size:{fullWidth:true, fullHeight:false},mh:'0',onh:0,onw:0,bg:{color:'{\"orig\":\"transparent\",\"type\":\"solid\",\"string\":\"transparent\"}'},plType:'0',plColor:'#FFFFFF'});   SR7.PMH[\"SR7_13_1\"].state=true;} else if(SR7.PMH[\"SR7_13_1\"].cn-->0)\tsetTimeout( SR7.PMH[\"SR7_13_1\"].fn,19);}};SR7.PMH[\"SR7_13_1\" ].fn();\n\t\t\t\t<\/script>\n[\/vc_column][\/vc_row][vc_row row_content_width=\u00bbgrid\u00bb css=\u00bb.vc_custom_1578582984998{padding-top: 20px !important;}\u00bb][vc_column css=\u00bb.vc_custom_1578472834238{padding-top: 10px !important;padding-bottom: 30px !important;}\u00bb][vc_column_text]<\/p>\n<h2 style=\"text-align: center;\">Presentaciones profesionales con fotograf\u00edas y videos<\/h2>\n<p style=\"text-align: center;\">Casa 3D ofrece unas presentaciones muy profesionales con fotograf\u00edas y videos para promotores de proyectos, agentes inmobiliarios, caseros y propietarios de viviendas. No se trata solo de una simple fotograf\u00eda o video, sino que son de una calidad muy alta, y son muy creativos, ofrecen un aspecto cinematogr\u00e1fico, y tienen gran impacto en los<br \/>\ncompradores potenciales, amigos y familiares.<\/p>\n<p>[\/vc_column_text][\/vc_column][\/vc_row][vc_row row_content_width=\u00bbgrid\u00bb css=\u00bb.vc_custom_1579620465520{padding-top: 30px !important;padding-bottom: 30px !important;}\u00bb simple_background_color=\u00bb#afada3&#8243; el_class=\u00bbreverse_mobile\u00bb][vc_column width=\u00bb1\/2&#8243; css=\u00bb.vc_custom_1578558434201{padding-bottom: 20px !important;}\u00bb][vc_column_text]<\/p>\n<h2>Promotores de proyectos<\/h2>\n<p>Una vez que la casa piloto est\u00e1 lista, tan solo hay que esperar a los clientes potenciales. Las fotograf\u00edas y videos de gran calidad de Casa 3D hacen que la vivienda destaque por encima de las dem\u00e1s. Como resultado, la vivienda con una mejor presentaci\u00f3n recibe mucha m\u00e1s atenci\u00f3n, y se logra que sea la m\u00e1s memorable para el comprador potencial. En resumen, es m\u00e1s eficiente gracias a la mejor calidad de la presentaci\u00f3n, y se evita perder el tiempo con clientes que no se ajustan al perfil de la vivienda.[\/vc_column_text][\/vc_column][vc_column width=\u00bb1\/2&#8243;][vc_video link=\u00bbhttps:\/\/vimeo.com\/536654191&#8243;][\/vc_column][\/vc_row][vc_row row_content_width=\u00bbgrid\u00bb css=\u00bb.vc_custom_1578479072987{padding-top: 30px !important;padding-bottom: 30px !important;}\u00bb simple_background_color=\u00bb#d6d2c7&#8243;][vc_column width=\u00bb1\/2&#8243;][vc_video link=\u00bbhttps:\/\/vimeo.com\/687960042\/580d9811b0&#8243;][\/vc_column][vc_column width=\u00bb1\/2&#8243;][vc_column_text]<\/p>\n<h2>Agentes inmobiliarios<\/h2>\n<p>Al igual que en el caso de los promotores de proyectos, las visitas optimizadas de las viviendas son una prioridad para los agentes inmobiliarios. Una mejor presentaci\u00f3n de un proyecto existente o de uno totalmente nuevo ayuda a encontrar a un cliente potencial de mayor calidad. Esta mayor eficiencia da como resultado unos mayores beneficios, y unos clientes mucho m\u00e1s satisfechos. Adem\u00e1s, la visita a distancia de las viviendas es mucho m\u00e1s rentable que nunca gracias a la gran calidad ofrecida a trav\u00e9s de las fotograf\u00edas y videos de Casa 3D.[\/vc_column_text][\/vc_column][\/vc_row][vc_row row_content_width=\u00bbgrid\u00bb css=\u00bb.vc_custom_1600344687140{padding-top: 30px !important;padding-bottom: 30px !important;}\u00bb simple_background_color=\u00bb#7a776a\u00bb][vc_column width=\u00bb1\/2&#8243;][vc_column_text]<\/p>\n<h2>Alquileres vacacionales<\/h2>\n<p>Una presentaci\u00f3n perfecta con fotograf\u00edas y videos asegura que la vivienda destaque por encima de las dem\u00e1s, ya sea una segunda vivienda en alquiler vacacional, o una inversi\u00f3n de la que se quiera obtener el mayor r\u00e9dito posible. Una buena presentaci\u00f3n genera un mayor inter\u00e9s y r\u00e9dito. Casa 3D conoce exactamente bien lo que los inquilinos quieren ver en las fotograf\u00edas y videos de las viviendas.[\/vc_column_text][\/vc_column][vc_column width=\u00bb1\/2&#8243;][vc_video link=\u00bbhttps:\/\/vimeo.com\/543044671\/92bac8656a\u00bb][\/vc_column][\/vc_row][vc_row row_content_width=\u00bbgrid\u00bb css=\u00bb.vc_custom_1578479072987{padding-top: 30px !important;padding-bottom: 30px !important;}\u00bb simple_background_color=\u00bb#d6d2c7&#8243;][vc_column width=\u00bb1\/2&#8243;][vc_video link=\u00bbhttps:\/\/vimeo.com\/528045294&#8243;][\/vc_column][vc_column width=\u00bb1\/2&#8243;][vc_column_text]<\/p>\n<h2>Propietarios de viviendas<\/h2>\n<p>Ya sea tu vivienda principal o la segunda, seguro que est\u00e1s muy orgulloso de ella y quieres mostr\u00e1rsela a todo el mundo. Sin embargo, las fotograf\u00edas y videos que haces con tu tel\u00e9fono m\u00f3vil siempre son algo decepcionantes. Con una presentaci\u00f3n perfecta por parte de Casa 3D impresionar\u00e1s a todos tus amigos. Y no solo porque tu casa se ver\u00e1 preciosa, sino tambi\u00e9n porque Casa 3D sabe que teclas apretar para crear la experiencia perfecta con la ni\u00f1a de tus ojos, tu vivienda.[\/vc_column_text][\/vc_column][\/vc_row][vc_row row_content_width=\u00bbgrid\u00bb parallax_background_image=\u00bb4086&#8243; simple_background_color=\u00bb#d6d2c7&#8243; css=\u00bb.vc_custom_1578594615003{padding-top: 30px !important;padding-bottom: 30px !important;}\u00bb][vc_column width=\u00bb5\/12&#8243;][vc_column_text]<\/p>\n<h2>\u00bfEst\u00e1s interesado en la presentacion perfecta?<\/h2>\n<p>Puedes contactarnos hoy mismo. Rellena el formulario, o ll\u00e1manos directamente:<\/p>\n<h3><a href=\"tel:+31655171640\">+31 (0)6 55171640<\/a><\/h3>\n<h3><a href=\"tel:+34688797812\">+34 688 797 812<\/a><\/h3>\n<p>[\/vc_column_text][\/vc_column][vc_column width=\u00bb7\/12&#8243;]<noscript class=\"ninja-forms-noscript-message\">\n\tAviso: Se requiere JavaScript para este contenido.<\/noscript>\nEste formulario se encuentra actualmente en mantenimiento. Por favor, int\u00e9ntalo de nuevo m\u00e1s tarde.[\/vc_column][\/vc_row]<\/p>\n<\/div>","protected":false},"excerpt":{"rendered":"<p>[vc_row][vc_column][\/vc_column][\/vc_row][vc_row row_content_width=\u00bbgrid\u00bb css=\u00bb.vc_custom_1578582984998{padding-top: 20px !important;}\u00bb][vc_column css=\u00bb.vc_custom_1578472834238{padding-top: 10px !important;padding-bottom: 30px !important;}\u00bb][vc_column_text] Presentaciones profesionales con fotograf\u00edas y videos Casa 3D ofrece unas presentaciones muy profesionales con fotograf\u00edas y videos para promotores de proyectos, agentes inmobiliarios, caseros y propietarios de viviendas. No se [&hellip;]<\/p>\n","protected":false},"author":1,"featured_media":0,"parent":0,"menu_order":0,"comment_status":"closed","ping_status":"closed","template":"full-width.php","meta":{"_monsterinsights_skip_tracking":false,"_monsterinsights_sitenote_active":false,"_monsterinsights_sitenote_note":"","_monsterinsights_sitenote_category":0,"footnotes":""},"class_list":["post-6478","page","type-page","status-publish","hentry"],"_links":{"self":[{"href":"https:\/\/casa3d.eu\/es\/wp-json\/wp\/v2\/pages\/6478","targetHints":{"allow":["GET"]}}],"collection":[{"href":"https:\/\/casa3d.eu\/es\/wp-json\/wp\/v2\/pages"}],"about":[{"href":"https:\/\/casa3d.eu\/es\/wp-json\/wp\/v2\/types\/page"}],"author":[{"embeddable":true,"href":"https:\/\/casa3d.eu\/es\/wp-json\/wp\/v2\/users\/1"}],"replies":[{"embeddable":true,"href":"https:\/\/casa3d.eu\/es\/wp-json\/wp\/v2\/comments?post=6478"}],"version-history":[{"count":5,"href":"https:\/\/casa3d.eu\/es\/wp-json\/wp\/v2\/pages\/6478\/revisions"}],"predecessor-version":[{"id":6483,"href":"https:\/\/casa3d.eu\/es\/wp-json\/wp\/v2\/pages\/6478\/revisions\/6483"}],"wp:attachment":[{"href":"https:\/\/casa3d.eu\/es\/wp-json\/wp\/v2\/media?parent=6478"}],"curies":[{"name":"wp","href":"https:\/\/api.w.org\/{rel}","templated":true}]}}